{"id":2717,"date":"2021-03-10T15:41:28","date_gmt":"2021-03-10T13:41:28","guid":{"rendered":"https:\/\/nattaro.se\/hem\/"},"modified":"2023-08-29T14:04:58","modified_gmt":"2023-08-29T12:04:58","slug":"hem","status":"publish","type":"page","link":"https:\/\/nattaro.se\/en\/","title":{"rendered":"Home"},"content":{"rendered":"\r\n<h4>A warm welcome to this gem of an island, which consists of sandy beaches, pine forests, nice walking paths and much more.<\/h4>\r\n<h1>Beautiful N\u00e5ttar\u00f6 in Stockholm&#8217;s southern archipelago, is only 30 minutes by boat from Nyn\u00e4shamn.<\/h1>\r\n<p>Filmat av Johan Gustafsson<\/p>\r\n<h5>Relax and disconnect. Put everyday life on pause, come as you are and experience and enjoy beautiful N\u00e5ttar\u00f6. It&#8217;s easy, we promise.<\/h5>\r\n<h1>Welcome to N\u00e5ttar\u00f6, the simple life!<\/h1>\r\n<p><img decoding=\"async\" src=\"https:\/\/nattaro.se\/wp-content\/uploads\/2018\/07\/Nattaro-express.jpg\" alt=\"&lt;span class=&quot;plus-mobil&quot; style=&quot;font-size:50%;&quot;&gt;\u2295&lt;\/span&gt; Get here\" \/><\/p>\r\n<h2>\u2295 Get here<\/h2>\r\n<p>If you can&#8217;t row here with your own oars, you can easily take the tour boat from Nyn\u00e4shamn out to us. See the timetable here.<br \/>If you want to book a taxi boat or are a larger group and want to book our passenger boat, you can read more about it here.<\/p>\r\n<p><a href=\"\/ta-er-till-on\/\"><button>L\u00e4s mer<\/button><\/a><a href=\"https:\/\/waxholmsbolaget.se\/\" target=\"_blank\" rel=\"noopener\"><button>Tidtabell turb\u00e5t<\/button><\/a><\/p>\r\n<p><img decoding=\"async\" src=\"https:\/\/nattaro.se\/wp-content\/uploads\/2019\/10\/Julbild1-scaled.jpeg\" alt=\"&lt;span class=&quot;plus-mobil&quot; style=&quot;font-size:50%;&quot;&gt;\u2295&lt;\/span&gt; Food on the island\" \/><\/p>\r\n<h2>\u2295 Food on the island<\/h2>\r\n<p>Closed for the season<\/p>\r\n<p><a> <button>L\u00e4s mer<\/button><\/a><\/p>\r\n<p><img decoding=\"async\" src=\"https:\/\/nattaro.se\/wp-content\/uploads\/2023\/01\/Nattaro_20160705_196.jpg\" alt=\"&lt;span class=&quot;plus-mobil&quot; style=&quot;font-size:50%;&quot;&gt;\u2295&lt;\/span&gt; Our cabins\" \/><\/p>\r\n<h2>\u2295 Our cabins<\/h2>\r\n<p>On N\u00e5ttar\u00f6 we have 50 holiday cabins &#8211; Book your cabin today!<\/p>\r\n<p><a href=\"https:\/\/online.bookvisit.com\/accommodation\/list?channelId=cdce2684-4f72-46e3-b2b8-e50b7a3d45cf\" target=\"_blank\" rel=\"noopener\"> <button>Book here<\/button><\/a><\/p>\r\n<h2>Current events<\/h2>\r\n<p>What happens next? Keep an eye on here and you&#8217;ll never miss what&#8217;s going on at N\u00e5ttar\u00f6!<\/p>\r\n<p><img loading=\"lazy\" decoding=\"async\" title=\"hus-3-grafik-bla\" src=\"https:\/\/nattaro.se\/wp-content\/uploads\/2023\/01\/hus-3-grafik-bla.png\" sizes=\"auto, (max-width: 2500px) 100vw, 2500px\" srcset=\"https:\/\/nattaro.se\/wp-content\/uploads\/2023\/01\/hus-3-grafik-bla.png 2500w, https:\/\/nattaro.se\/wp-content\/uploads\/2023\/01\/hus-3-grafik-bla-300x109.png 300w, https:\/\/nattaro.se\/wp-content\/uploads\/2023\/01\/hus-3-grafik-bla-1024x371.png 1024w, https:\/\/nattaro.se\/wp-content\/uploads\/2023\/01\/hus-3-grafik-bla-768x278.png 768w, https:\/\/nattaro.se\/wp-content\/uploads\/2023\/01\/hus-3-grafik-bla-1536x557.png 1536w, https:\/\/nattaro.se\/wp-content\/uploads\/2023\/01\/hus-3-grafik-bla-2048x742.png 2048w\" alt=\"hus-3-grafik-bla\" width=\"2500\" height=\"906\" \/> <img loading=\"lazy\" decoding=\"async\" title=\"gla-kille-1\" src=\"https:\/\/nattaro.se\/wp-content\/uploads\/2023\/01\/gla-kille-1-1.jpg\" sizes=\"auto, (max-width: 2200px) 100vw, 2200px\" srcset=\"https:\/\/nattaro.se\/wp-content\/uploads\/2023\/01\/gla-kille-1-1.jpg 2200w, https:\/\/nattaro.se\/wp-content\/uploads\/2023\/01\/gla-kille-1-1-300x125.jpg 300w, https:\/\/nattaro.se\/wp-content\/uploads\/2023\/01\/gla-kille-1-1-1024x427.jpg 1024w, https:\/\/nattaro.se\/wp-content\/uploads\/2023\/01\/gla-kille-1-1-768x320.jpg 768w, https:\/\/nattaro.se\/wp-content\/uploads\/2023\/01\/gla-kille-1-1-1536x640.jpg 1536w, https:\/\/nattaro.se\/wp-content\/uploads\/2023\/01\/gla-kille-1-1-2048x854.jpg 2048w\" alt=\"gla-kille-1\" width=\"2200\" height=\"917\" \/> <img loading=\"lazy\" decoding=\"async\" title=\"gla-kille-2\" src=\"https:\/\/nattaro.se\/wp-content\/uploads\/2023\/01\/gla-kille-2-1.jpg\" sizes=\"auto, (max-width: 2200px) 100vw, 2200px\" srcset=\"https:\/\/nattaro.se\/wp-content\/uploads\/2023\/01\/gla-kille-2-1.jpg 2200w, https:\/\/nattaro.se\/wp-content\/uploads\/2023\/01\/gla-kille-2-1-300x125.jpg 300w, https:\/\/nattaro.se\/wp-content\/uploads\/2023\/01\/gla-kille-2-1-1024x427.jpg 1024w, https:\/\/nattaro.se\/wp-content\/uploads\/2023\/01\/gla-kille-2-1-768x320.jpg 768w, https:\/\/nattaro.se\/wp-content\/uploads\/2023\/01\/gla-kille-2-1-1536x640.jpg 1536w, https:\/\/nattaro.se\/wp-content\/uploads\/2023\/01\/gla-kille-2-1-2048x854.jpg 2048w\" alt=\"gla-kille-2\" width=\"2200\" height=\"917\" \/><\/p>\r\n","protected":false},"excerpt":{"rendered":"<p>A warm welcome to this gem of an island, which consists of sandy beaches, pine forests, nice walking paths and much more. Beautiful N\u00e5ttar\u00f6 in Stockholm&#8217;s southern archipelago, is only 30 minutes by boat from Nyn\u00e4shamn. Filmat av Johan Gustafsson Relax and disconnect. Put everyday life on pause, come as you are and experience and&hellip;<\/p>\n","protected":false},"author":1,"featured_media":0,"parent":0,"menu_order":0,"comment_status":"closed","ping_status":"closed","template":"","meta":{"_acf_changed":false,"footnotes":""},"tags":[],"anpassad_layout":[],"class_list":["post-2717","page","type-page","status-publish","hentry"],"acf":[],"yoast_head":"<!-- This site is optimized with the Yoast SEO plugin v26.2 - https:\/\/yoast.com\/wordpress\/plugins\/seo\/ -->\n<title>Welcome to N\u00e5ttar\u00f6 - The simple life!<\/title>\n<meta name=\"description\" content=\"Visit beautiful N\u00e5ttar\u00f6 in Stockholm&#039;s southern archipelago. 30 min by boat from Nyn\u00e4shamn. Cabins, food and activities for the whole family!\" \/>\n<meta name=\"robots\" content=\"index, follow, max-snippet:-1, max-image-preview:large, max-video-preview:-1\" \/>\n<link rel=\"canonical\" href=\"https:\/\/nattaro.se\/en\/\" \/>\n<meta property=\"og:locale\" content=\"en_US\" \/>\n<meta property=\"og:type\" content=\"article\" \/>\n<meta property=\"og:title\" content=\"Welcome to N\u00e5ttar\u00f6 - The simple life!\" \/>\n<meta property=\"og:description\" content=\"Visit beautiful N\u00e5ttar\u00f6 in Stockholm&#039;s southern archipelago. 30 min by boat from Nyn\u00e4shamn. Cabins, food and activities for the whole family!\" \/>\n<meta property=\"og:url\" content=\"https:\/\/nattaro.se\/en\/\" \/>\n<meta property=\"og:site_name\" content=\"N\u00e5ttar\u00f6 - Det enkla livet\" \/>\n<meta property=\"article:modified_time\" content=\"2023-08-29T12:04:58+00:00\" \/>\n<meta property=\"og:image\" content=\"https:\/\/nattaro.se\/wp-content\/uploads\/2018\/07\/Nattaro-express.jpg\" \/>\n<meta name=\"twitter:card\" content=\"summary_large_image\" \/>\n<meta name=\"twitter:label1\" content=\"Est. reading time\" \/>\n\t<meta name=\"twitter:data1\" content=\"3 minutes\" \/>\n<script type=\"application\/ld+json\" class=\"yoast-schema-graph\">{\"@context\":\"https:\/\/schema.org\",\"@graph\":[{\"@type\":\"WebPage\",\"@id\":\"https:\/\/nattaro.se\/en\/\",\"url\":\"https:\/\/nattaro.se\/en\/\",\"name\":\"Welcome to N\u00e5ttar\u00f6 - The simple life!\",\"isPartOf\":{\"@id\":\"https:\/\/nattaro.se\/en\/#website\"},\"primaryImageOfPage\":{\"@id\":\"https:\/\/nattaro.se\/en\/#primaryimage\"},\"image\":{\"@id\":\"https:\/\/nattaro.se\/en\/#primaryimage\"},\"thumbnailUrl\":\"https:\/\/nattaro.se\/wp-content\/uploads\/2018\/07\/Nattaro-express.jpg\",\"datePublished\":\"2021-03-10T13:41:28+00:00\",\"dateModified\":\"2023-08-29T12:04:58+00:00\",\"description\":\"Visit beautiful N\u00e5ttar\u00f6 in Stockholm's southern archipelago. 30 min by boat from Nyn\u00e4shamn. Cabins, food and activities for the whole family!\",\"breadcrumb\":{\"@id\":\"https:\/\/nattaro.se\/en\/#breadcrumb\"},\"inLanguage\":\"en-US\",\"potentialAction\":[{\"@type\":\"ReadAction\",\"target\":[\"https:\/\/nattaro.se\/en\/\"]}]},{\"@type\":\"ImageObject\",\"inLanguage\":\"en-US\",\"@id\":\"https:\/\/nattaro.se\/en\/#primaryimage\",\"url\":\"https:\/\/nattaro.se\/wp-content\/uploads\/2018\/07\/Nattaro-express.jpg\",\"contentUrl\":\"https:\/\/nattaro.se\/wp-content\/uploads\/2018\/07\/Nattaro-express.jpg\"},{\"@type\":\"BreadcrumbList\",\"@id\":\"https:\/\/nattaro.se\/en\/#breadcrumb\",\"itemListElement\":[{\"@type\":\"ListItem\",\"position\":1,\"name\":\"Hem\",\"item\":\"https:\/\/nattaro.se\/en\/\"},{\"@type\":\"ListItem\",\"position\":2,\"name\":\"Home\"}]},{\"@type\":\"WebSite\",\"@id\":\"https:\/\/nattaro.se\/en\/#website\",\"url\":\"https:\/\/nattaro.se\/en\/\",\"name\":\"N\u00e5ttar\u00f6 - Det enkla livet\",\"description\":\"Det enkla livet\",\"potentialAction\":[{\"@type\":\"SearchAction\",\"target\":{\"@type\":\"EntryPoint\",\"urlTemplate\":\"https:\/\/nattaro.se\/en\/?s={search_term_string}\"},\"query-input\":{\"@type\":\"PropertyValueSpecification\",\"valueRequired\":true,\"valueName\":\"search_term_string\"}}],\"inLanguage\":\"en-US\"}]}<\/script>\n<!-- \/ Yoast SEO plugin. -->","yoast_head_json":{"title":"Welcome to N\u00e5ttar\u00f6 - The simple life!","description":"Visit beautiful N\u00e5ttar\u00f6 in Stockholm's southern archipelago. 30 min by boat from Nyn\u00e4shamn. Cabins, food and activities for the whole family!","robots":{"index":"index","follow":"follow","max-snippet":"max-snippet:-1","max-image-preview":"max-image-preview:large","max-video-preview":"max-video-preview:-1"},"canonical":"https:\/\/nattaro.se\/en\/","og_locale":"en_US","og_type":"article","og_title":"Welcome to N\u00e5ttar\u00f6 - The simple life!","og_description":"Visit beautiful N\u00e5ttar\u00f6 in Stockholm's southern archipelago. 30 min by boat from Nyn\u00e4shamn. Cabins, food and activities for the whole family!","og_url":"https:\/\/nattaro.se\/en\/","og_site_name":"N\u00e5ttar\u00f6 - Det enkla livet","article_modified_time":"2023-08-29T12:04:58+00:00","og_image":[{"url":"https:\/\/nattaro.se\/wp-content\/uploads\/2018\/07\/Nattaro-express.jpg","type":"","width":"","height":""}],"twitter_card":"summary_large_image","twitter_misc":{"Est. reading time":"3 minutes"},"schema":{"@context":"https:\/\/schema.org","@graph":[{"@type":"WebPage","@id":"https:\/\/nattaro.se\/en\/","url":"https:\/\/nattaro.se\/en\/","name":"Welcome to N\u00e5ttar\u00f6 - The simple life!","isPartOf":{"@id":"https:\/\/nattaro.se\/en\/#website"},"primaryImageOfPage":{"@id":"https:\/\/nattaro.se\/en\/#primaryimage"},"image":{"@id":"https:\/\/nattaro.se\/en\/#primaryimage"},"thumbnailUrl":"https:\/\/nattaro.se\/wp-content\/uploads\/2018\/07\/Nattaro-express.jpg","datePublished":"2021-03-10T13:41:28+00:00","dateModified":"2023-08-29T12:04:58+00:00","description":"Visit beautiful N\u00e5ttar\u00f6 in Stockholm's southern archipelago. 30 min by boat from Nyn\u00e4shamn. Cabins, food and activities for the whole family!","breadcrumb":{"@id":"https:\/\/nattaro.se\/en\/#breadcrumb"},"inLanguage":"en-US","potentialAction":[{"@type":"ReadAction","target":["https:\/\/nattaro.se\/en\/"]}]},{"@type":"ImageObject","inLanguage":"en-US","@id":"https:\/\/nattaro.se\/en\/#primaryimage","url":"https:\/\/nattaro.se\/wp-content\/uploads\/2018\/07\/Nattaro-express.jpg","contentUrl":"https:\/\/nattaro.se\/wp-content\/uploads\/2018\/07\/Nattaro-express.jpg"},{"@type":"BreadcrumbList","@id":"https:\/\/nattaro.se\/en\/#breadcrumb","itemListElement":[{"@type":"ListItem","position":1,"name":"Hem","item":"https:\/\/nattaro.se\/en\/"},{"@type":"ListItem","position":2,"name":"Home"}]},{"@type":"WebSite","@id":"https:\/\/nattaro.se\/en\/#website","url":"https:\/\/nattaro.se\/en\/","name":"N\u00e5ttar\u00f6 - Det enkla livet","description":"Det enkla livet","potentialAction":[{"@type":"SearchAction","target":{"@type":"EntryPoint","urlTemplate":"https:\/\/nattaro.se\/en\/?s={search_term_string}"},"query-input":{"@type":"PropertyValueSpecification","valueRequired":true,"valueName":"search_term_string"}}],"inLanguage":"en-US"}]}},"publishpress_future_workflow_manual_trigger":{"enabledWorkflows":[]},"_links":{"self":[{"href":"https:\/\/nattaro.se\/en\/wp-json\/wp\/v2\/pages\/2717","targetHints":{"allow":["GET"]}}],"collection":[{"href":"https:\/\/nattaro.se\/en\/wp-json\/wp\/v2\/pages"}],"about":[{"href":"https:\/\/nattaro.se\/en\/wp-json\/wp\/v2\/types\/page"}],"author":[{"embeddable":true,"href":"https:\/\/nattaro.se\/en\/wp-json\/wp\/v2\/users\/1"}],"replies":[{"embeddable":true,"href":"https:\/\/nattaro.se\/en\/wp-json\/wp\/v2\/comments?post=2717"}],"version-history":[{"count":14,"href":"https:\/\/nattaro.se\/en\/wp-json\/wp\/v2\/pages\/2717\/revisions"}],"predecessor-version":[{"id":3541,"href":"https:\/\/nattaro.se\/en\/wp-json\/wp\/v2\/pages\/2717\/revisions\/3541"}],"wp:attachment":[{"href":"https:\/\/nattaro.se\/en\/wp-json\/wp\/v2\/media?parent=2717"}],"wp:term":[{"taxonomy":"post_tag","embeddable":true,"href":"https:\/\/nattaro.se\/en\/wp-json\/wp\/v2\/tags?post=2717"},{"taxonomy":"anpassad_layout","embeddable":true,"href":"https:\/\/nattaro.se\/en\/wp-json\/wp\/v2\/anpassad_layout?post=2717"}],"curies":[{"name":"wp","href":"https:\/\/api.w.org\/{rel}","templated":true}]}}