{"id":2721,"date":"2016-11-22T14:40:47","date_gmt":"2016-11-22T13:40:47","guid":{"rendered":"https:\/\/nattaro.se\/boende\/"},"modified":"2023-02-17T16:57:57","modified_gmt":"2023-02-17T14:57:57","slug":"accommodation","status":"publish","type":"page","link":"https:\/\/nattaro.se\/en\/accommodation\/","title":{"rendered":"Accommodation"},"content":{"rendered":"\n\n\t<h1>Welcome to stay at N\u00e5ttar\u00f6!<\/h1>\n<p>Beautiful N\u00e5ttar\u00f6 in Stockholm&#8217;s southern archipelago, is only 30 minutes by boat from Nyn\u00e4shamn. We warmly welcome everyone to this gem of an island, which consists of sandy beaches, pine forest, nice walking paths, rental of bicycles, kayaks, SUPs and much more.<\/p>\n<p>We have chosen to adjust the prices for our cabins ahead of the 2023 season. There is, as always, the option to book a week and pay 20% of the booking fee directly and the remaining 30 days before arrival. Or if you want, you can pay the full amount immediately and get a 10% discount.<\/p>\n<p>During low season, you can book one day or if you book two, you get the second day cheaper. During high season, it is only possible to book with a minimum of two days.<\/p>\n\t<h2>Living on N\u00e5ttar\u00f6<\/h2>\n<p>On N\u00e5ttar\u00f6 we have 50 holiday cottages ranging from 2 and 4 beds to two 6 beds.<\/p>\n<p>We also have a Hostel with 32 beds and a newly renovated kitchen.<\/p>\n<p>Shower facilities and toilet facilities are available in close proximity to the cottage village.<\/p>\n\t\t\t<a href=\"https:\/\/online.bookvisit.com\/accommodation\/list?channelId=cdce2684-4f72-46e3-b2b8-e50b7a3d45cf\" target=\"_blank\" role=\"button\" rel=\"noopener\">\n\t\t\t\t\t\tBook campsite and cabin here\n\t\t\t\t\t<\/a>\n\t<h4>Camping<\/h4>\nFor those who wish to get really close to nature, we also have 24-hour camping at SEK 60\/night, maximum seven nights.<br \/>\nHere, the age limit is 18 without a guardian.\n\t\t\t<a href=\"\/wp-content\/uploads\/2020\/08\/Karta-Stugby-3-2.jpeg\" target=\"_blank\" role=\"button\" rel=\"noopener\">\n\t\t\t\t\t\tMap of the cottages\n\t\t\t\t\t<\/a>\n\t\t\t<a href=\"\/wp-content\/uploads\/2023\/01\/Prislista-2023.pdf\" target=\"_blank\" role=\"button\" rel=\"noopener\">\n\t\t\t\t\t\tClick here for price list 2023\n\t\t\t\t\t<\/a>\n\t<h4>Reservation<\/h4>\n<p>When it comes to weekly bookings, we have divided the cabins into two groups. Where one group changes Saturdays and the other Sundays.<\/p>\nCabins 2 to 27 \u00a0change Sunday (to Sunday)<br \/>\nCabins 28 to 50 change Saturday (to Saturday).\n\t\t\t<a href=\"\/wp-content\/uploads\/2023\/01\/Betal-och-avbokningsvillkor-Nattaro-GR.pdf\" target=\"_blank\" role=\"button\" rel=\"noopener\">\n\t\t\t\t\t\tFor our cancellation and payment conditions see here.\n\t\t\t\t\t<\/a>\n\t<h4>Rent the whole hostel?<\/h4>\n<p>If you are a school, company, association or private individual who wants to rent the entire hostel and have it for yourselves, please contact us and we will book.<\/p>\n<p>Telephone number 08-520 400 30. We answer the phone every day, during the low season, between 12-18.<\/p>\n\t\t\t<a href=\"mailto:info@nattaro.se\" target=\"_blank\" role=\"button\" rel=\"noopener\">\n\t\t\t\t\t\tIt is also fine to send an email to info@nattaro.se\n\t\t\t\t\t<\/a>\n\t\t\t\t\t\t\t\t\t<img loading=\"lazy\" decoding=\"async\" src=\"https:\/\/nattaro.se\/wp-content\/uploads\/2023\/01\/hus-2-grafik-bla-2.png\" alt=\"hus-2-grafik-bla\" itemprop=\"image\" height=\"371\" width=\"2500\" srcset=\"https:\/\/nattaro.se\/wp-content\/uploads\/2023\/01\/hus-2-grafik-bla-2.png 2500w, https:\/\/nattaro.se\/wp-content\/uploads\/2023\/01\/hus-2-grafik-bla-2-300x45.png 300w, https:\/\/nattaro.se\/wp-content\/uploads\/2023\/01\/hus-2-grafik-bla-2-1024x152.png 1024w, https:\/\/nattaro.se\/wp-content\/uploads\/2023\/01\/hus-2-grafik-bla-2-768x114.png 768w, https:\/\/nattaro.se\/wp-content\/uploads\/2023\/01\/hus-2-grafik-bla-2-1536x228.png 1536w, https:\/\/nattaro.se\/wp-content\/uploads\/2023\/01\/hus-2-grafik-bla-2-2048x304.png 2048w\" sizes=\"auto, (max-width: 2500px) 100vw, 2500px\" title=\"hus-2-grafik-bla\" onerror=\"this.style.display='none'\"  \/>\n\n","protected":false},"excerpt":{"rendered":"<p>Welcome to stay at N\u00e5ttar\u00f6! Beautiful N\u00e5ttar\u00f6 in Stockholm&#8217;s southern archipelago, is only 30 minutes by boat from Nyn\u00e4shamn. We warmly welcome everyone to this gem of an island, which consists of sandy beaches, pine forest, nice walking paths, rental of bicycles, kayaks, SUPs and much more. We have chosen to adjust the prices for&hellip;<\/p>\n","protected":false},"author":4,"featured_media":0,"parent":0,"menu_order":5,"comment_status":"closed","ping_status":"closed","template":"","meta":{"_acf_changed":false,"footnotes":""},"tags":[],"anpassad_layout":[],"class_list":["post-2721","page","type-page","status-publish","hentry"],"acf":[],"yoast_head":"<!-- This site is optimized with the Yoast SEO plugin v26.2 - https:\/\/yoast.com\/wordpress\/plugins\/seo\/ -->\n<title>Accommodation - N\u00e5ttar\u00f6 - Det enkla livet<\/title>\n<meta name=\"robots\" content=\"index, follow, max-snippet:-1, max-image-preview:large, max-video-preview:-1\" \/>\n<link rel=\"canonical\" href=\"https:\/\/nattaro.se\/en\/accommodation\/\" \/>\n<meta property=\"og:locale\" content=\"en_US\" \/>\n<meta property=\"og:type\" content=\"article\" \/>\n<meta property=\"og:title\" content=\"Accommodation - N\u00e5ttar\u00f6 - Det enkla livet\" \/>\n<meta property=\"og:description\" content=\"Welcome to stay at N\u00e5ttar\u00f6! Beautiful N\u00e5ttar\u00f6 in Stockholm&#8217;s southern archipelago, is only 30 minutes by boat from Nyn\u00e4shamn. We warmly welcome everyone to this gem of an island, which consists of sandy beaches, pine forest, nice walking paths, rental of bicycles, kayaks, SUPs and much more. We have chosen to adjust the prices for&hellip;\" \/>\n<meta property=\"og:url\" content=\"https:\/\/nattaro.se\/en\/accommodation\/\" \/>\n<meta property=\"og:site_name\" content=\"N\u00e5ttar\u00f6 - Det enkla livet\" \/>\n<meta property=\"article:modified_time\" content=\"2023-02-17T14:57:57+00:00\" \/>\n<meta property=\"og:image\" content=\"https:\/\/nattaro.se\/wp-content\/uploads\/2023\/01\/hus-2-grafik-bla-2.png\" \/>\n<meta name=\"twitter:card\" content=\"summary_large_image\" \/>\n<meta name=\"twitter:label1\" content=\"Est. reading time\" \/>\n\t<meta name=\"twitter:data1\" content=\"2 minutes\" \/>\n<script type=\"application\/ld+json\" class=\"yoast-schema-graph\">{\"@context\":\"https:\/\/schema.org\",\"@graph\":[{\"@type\":\"WebPage\",\"@id\":\"https:\/\/nattaro.se\/en\/accommodation\/\",\"url\":\"https:\/\/nattaro.se\/en\/accommodation\/\",\"name\":\"Accommodation - N\u00e5ttar\u00f6 - Det enkla livet\",\"isPartOf\":{\"@id\":\"https:\/\/nattaro.se\/en\/#website\"},\"primaryImageOfPage\":{\"@id\":\"https:\/\/nattaro.se\/en\/accommodation\/#primaryimage\"},\"image\":{\"@id\":\"https:\/\/nattaro.se\/en\/accommodation\/#primaryimage\"},\"thumbnailUrl\":\"https:\/\/nattaro.se\/wp-content\/uploads\/2023\/01\/hus-2-grafik-bla-2.png\",\"datePublished\":\"2016-11-22T13:40:47+00:00\",\"dateModified\":\"2023-02-17T14:57:57+00:00\",\"breadcrumb\":{\"@id\":\"https:\/\/nattaro.se\/en\/accommodation\/#breadcrumb\"},\"inLanguage\":\"en-US\",\"potentialAction\":[{\"@type\":\"ReadAction\",\"target\":[\"https:\/\/nattaro.se\/en\/accommodation\/\"]}]},{\"@type\":\"ImageObject\",\"inLanguage\":\"en-US\",\"@id\":\"https:\/\/nattaro.se\/en\/accommodation\/#primaryimage\",\"url\":\"https:\/\/nattaro.se\/wp-content\/uploads\/2023\/01\/hus-2-grafik-bla-2.png\",\"contentUrl\":\"https:\/\/nattaro.se\/wp-content\/uploads\/2023\/01\/hus-2-grafik-bla-2.png\"},{\"@type\":\"BreadcrumbList\",\"@id\":\"https:\/\/nattaro.se\/en\/accommodation\/#breadcrumb\",\"itemListElement\":[{\"@type\":\"ListItem\",\"position\":1,\"name\":\"Hem\",\"item\":\"https:\/\/nattaro.se\/en\/\"},{\"@type\":\"ListItem\",\"position\":2,\"name\":\"Accommodation\"}]},{\"@type\":\"WebSite\",\"@id\":\"https:\/\/nattaro.se\/en\/#website\",\"url\":\"https:\/\/nattaro.se\/en\/\",\"name\":\"N\u00e5ttar\u00f6 - Det enkla livet\",\"description\":\"Det enkla livet\",\"potentialAction\":[{\"@type\":\"SearchAction\",\"target\":{\"@type\":\"EntryPoint\",\"urlTemplate\":\"https:\/\/nattaro.se\/en\/?s={search_term_string}\"},\"query-input\":{\"@type\":\"PropertyValueSpecification\",\"valueRequired\":true,\"valueName\":\"search_term_string\"}}],\"inLanguage\":\"en-US\"}]}<\/script>\n<!-- \/ Yoast SEO plugin. -->","yoast_head_json":{"title":"Accommodation - N\u00e5ttar\u00f6 - Det enkla livet","robots":{"index":"index","follow":"follow","max-snippet":"max-snippet:-1","max-image-preview":"max-image-preview:large","max-video-preview":"max-video-preview:-1"},"canonical":"https:\/\/nattaro.se\/en\/accommodation\/","og_locale":"en_US","og_type":"article","og_title":"Accommodation - N\u00e5ttar\u00f6 - Det enkla livet","og_description":"Welcome to stay at N\u00e5ttar\u00f6! Beautiful N\u00e5ttar\u00f6 in Stockholm&#8217;s southern archipelago, is only 30 minutes by boat from Nyn\u00e4shamn. We warmly welcome everyone to this gem of an island, which consists of sandy beaches, pine forest, nice walking paths, rental of bicycles, kayaks, SUPs and much more. We have chosen to adjust the prices for&hellip;","og_url":"https:\/\/nattaro.se\/en\/accommodation\/","og_site_name":"N\u00e5ttar\u00f6 - Det enkla livet","article_modified_time":"2023-02-17T14:57:57+00:00","og_image":[{"url":"https:\/\/nattaro.se\/wp-content\/uploads\/2023\/01\/hus-2-grafik-bla-2.png","type":"","width":"","height":""}],"twitter_card":"summary_large_image","twitter_misc":{"Est. reading time":"2 minutes"},"schema":{"@context":"https:\/\/schema.org","@graph":[{"@type":"WebPage","@id":"https:\/\/nattaro.se\/en\/accommodation\/","url":"https:\/\/nattaro.se\/en\/accommodation\/","name":"Accommodation - N\u00e5ttar\u00f6 - Det enkla livet","isPartOf":{"@id":"https:\/\/nattaro.se\/en\/#website"},"primaryImageOfPage":{"@id":"https:\/\/nattaro.se\/en\/accommodation\/#primaryimage"},"image":{"@id":"https:\/\/nattaro.se\/en\/accommodation\/#primaryimage"},"thumbnailUrl":"https:\/\/nattaro.se\/wp-content\/uploads\/2023\/01\/hus-2-grafik-bla-2.png","datePublished":"2016-11-22T13:40:47+00:00","dateModified":"2023-02-17T14:57:57+00:00","breadcrumb":{"@id":"https:\/\/nattaro.se\/en\/accommodation\/#breadcrumb"},"inLanguage":"en-US","potentialAction":[{"@type":"ReadAction","target":["https:\/\/nattaro.se\/en\/accommodation\/"]}]},{"@type":"ImageObject","inLanguage":"en-US","@id":"https:\/\/nattaro.se\/en\/accommodation\/#primaryimage","url":"https:\/\/nattaro.se\/wp-content\/uploads\/2023\/01\/hus-2-grafik-bla-2.png","contentUrl":"https:\/\/nattaro.se\/wp-content\/uploads\/2023\/01\/hus-2-grafik-bla-2.png"},{"@type":"BreadcrumbList","@id":"https:\/\/nattaro.se\/en\/accommodation\/#breadcrumb","itemListElement":[{"@type":"ListItem","position":1,"name":"Hem","item":"https:\/\/nattaro.se\/en\/"},{"@type":"ListItem","position":2,"name":"Accommodation"}]},{"@type":"WebSite","@id":"https:\/\/nattaro.se\/en\/#website","url":"https:\/\/nattaro.se\/en\/","name":"N\u00e5ttar\u00f6 - Det enkla livet","description":"Det enkla livet","potentialAction":[{"@type":"SearchAction","target":{"@type":"EntryPoint","urlTemplate":"https:\/\/nattaro.se\/en\/?s={search_term_string}"},"query-input":{"@type":"PropertyValueSpecification","valueRequired":true,"valueName":"search_term_string"}}],"inLanguage":"en-US"}]}},"publishpress_future_workflow_manual_trigger":{"enabledWorkflows":[]},"_links":{"self":[{"href":"https:\/\/nattaro.se\/en\/wp-json\/wp\/v2\/pages\/2721","targetHints":{"allow":["GET"]}}],"collection":[{"href":"https:\/\/nattaro.se\/en\/wp-json\/wp\/v2\/pages"}],"about":[{"href":"https:\/\/nattaro.se\/en\/wp-json\/wp\/v2\/types\/page"}],"author":[{"embeddable":true,"href":"https:\/\/nattaro.se\/en\/wp-json\/wp\/v2\/users\/4"}],"replies":[{"embeddable":true,"href":"https:\/\/nattaro.se\/en\/wp-json\/wp\/v2\/comments?post=2721"}],"version-history":[{"count":10,"href":"https:\/\/nattaro.se\/en\/wp-json\/wp\/v2\/pages\/2721\/revisions"}],"predecessor-version":[{"id":3331,"href":"https:\/\/nattaro.se\/en\/wp-json\/wp\/v2\/pages\/2721\/revisions\/3331"}],"wp:attachment":[{"href":"https:\/\/nattaro.se\/en\/wp-json\/wp\/v2\/media?parent=2721"}],"wp:term":[{"taxonomy":"post_tag","embeddable":true,"href":"https:\/\/nattaro.se\/en\/wp-json\/wp\/v2\/tags?post=2721"},{"taxonomy":"anpassad_layout","embeddable":true,"href":"https:\/\/nattaro.se\/en\/wp-json\/wp\/v2\/anpassad_layout?post=2721"}],"curies":[{"name":"wp","href":"https:\/\/api.w.org\/{rel}","templated":true}]}}